{"id":11,"date":"2024-06-24T16:16:17","date_gmt":"2024-06-24T14:16:17","guid":{"rendered":"https:\/\/luisaholik.com\/lekabel\/?page_id=11"},"modified":"2026-04-08T18:41:20","modified_gmt":"2026-04-08T21:41:20","slug":"lekabel","status":"publish","type":"page","link":"https:\/\/luisaholik.com\/lekabel\/","title":{"rendered":"Lekabel"},"content":{"rendered":"<p>[et_pb_section fb_built=\u00bb1&#8243; _builder_version=\u00bb4.25.2&#8243; _module_preset=\u00bbdefault\u00bb background_color=\u00bb#3e3e3e\u00bb custom_padding=\u00bb17px||14px|||\u00bb box_shadow_style=\u00bbpreset3&#8243; global_colors_info=\u00bb{}\u00bb][et_pb_row column_structure=\u00bb1_3,1_3,1_3&#8243; _builder_version=\u00bb4.25.2&#8243; _module_preset=\u00bbdefault\u00bb custom_padding=\u00bb11px||15px|||\u00bb global_colors_info=\u00bb{}\u00bb][et_pb_column type=\u00bb1_3&#8243; _builder_version=\u00bb4.25.2&#8243; _module_preset=\u00bbdefault\u00bb global_colors_info=\u00bb{}\u00bb][et_pb_image src=\u00bbhttps:\/\/luisaholik.com\/lekabel\/wp-content\/uploads\/2024\/06\/LuisaHolik.jpg\u00bb title_text=\u00bbLuisaHolik\u00bb align=\u00bbright\u00bb align_tablet=\u00bbright\u00bb align_phone=\u00bbcenter\u00bb align_last_edited=\u00bbon|phone\u00bb _builder_version=\u00bb4.25.2&#8243; _module_preset=\u00bbdefault\u00bb global_colors_info=\u00bb{}\u00bb][\/et_pb_image][\/et_pb_column][et_pb_column type=\u00bb1_3&#8243; _builder_version=\u00bb4.25.2&#8243; _module_preset=\u00bbdefault\u00bb global_colors_info=\u00bb{}\u00bb][et_pb_text _builder_version=\u00bb4.25.2&#8243; _module_preset=\u00bbdefault\u00bb header_2_font=\u00bbAkaya Telivigala||||||||\u00bb header_2_text_align=\u00bbcenter\u00bb header_2_text_color=\u00bb#FFFFFF\u00bb header_2_font_size=\u00bb31px\u00bb header_3_font=\u00bbAkaya Telivigala||||||||\u00bb header_3_text_align=\u00bbcenter\u00bb header_3_text_color=\u00bb#FFFFFF\u00bb header_3_font_size=\u00bb30px\u00bb custom_margin=\u00bb8px||-8px|||\u00bb global_colors_info=\u00bb{}\u00bb]<\/p>\n<h2>Escuela de C\u00e1bala Lekabel de Luisa Holik<\/h2>\n<p>[\/et_pb_text][et_pb_image src=\u00bbhttps:\/\/luisaholik.com\/lekabel\/wp-content\/uploads\/2024\/06\/Lekabel.jpg\u00bb title_text=\u00bbLekabel\u00bb align=\u00bbcenter\u00bb _builder_version=\u00bb4.25.2&#8243; _module_preset=\u00bbdefault\u00bb width=\u00bb48%\u00bb custom_padding=\u00bb18px|||||\u00bb global_colors_info=\u00bb{}\u00bb][\/et_pb_image][\/et_pb_column][et_pb_column type=\u00bb1_3&#8243; _builder_version=\u00bb4.25.2&#8243; _module_preset=\u00bbdefault\u00bb global_colors_info=\u00bb{}\u00bb][et_pb_text _builder_version=\u00bb4.25.2&#8243; _module_preset=\u00bbdefault\u00bb text_text_color=\u00bb#FFFFFF\u00bb text_line_height=\u00bb1.4em\u00bb global_colors_info=\u00bb{}\u00bb]<\/p>\n<p><strong>La Escuela de C\u00e1bala Lekabel cuenta con<\/strong> cursos en vivo y cursos en diferido que se pueden adquirir para estudiar las clases en el horario que m\u00e1s le convenga a cada uno.<\/p>\n<p><strong>El objetivo de esta Escuela de C\u00e1bala es<\/strong> ense\u00f1ar estos conocimientos para que lo puedas aplicar en tu vida diaria para lograr una aut\u00e9ntica paz interior y as\u00ed transmitirla a los que te rodean cotidianamente.<br \/>Es nuestro deber estudiando la C\u00e1bala, extraer la luz oculta para iluminar el mundo.<br \/>La c\u00e1bala es un camino de felicidad interior.<\/p>\n<p>[\/et_pb_text][\/et_pb_column][\/et_pb_row][\/et_pb_section][et_pb_section fb_built=\u00bb1&#8243; _builder_version=\u00bb4.25.2&#8243; _module_preset=\u00bbdefault\u00bb custom_padding=\u00bb23px||51px|||\u00bb global_colors_info=\u00bb{}\u00bb][et_pb_row column_structure=\u00bb1_3,1_3,1_3&#8243; _builder_version=\u00bb4.25.2&#8243; _module_preset=\u00bbdefault\u00bb custom_padding=\u00bb18px||25px|||\u00bb global_colors_info=\u00bb{}\u00bb][et_pb_column type=\u00bb1_3&#8243; _builder_version=\u00bb4.25.2&#8243; _module_preset=\u00bbdefault\u00bb global_colors_info=\u00bb{}\u00bb][et_pb_text _builder_version=\u00bb4.25.2&#8243; _module_preset=\u00bbdefault\u00bb text_line_height=\u00bb1.3em\u00bb custom_margin=\u00bb|-26px||||\u00bb custom_margin_tablet=\u00bb|-26px||||\u00bb custom_margin_phone=\u00bb|9px|||false|false\u00bb custom_margin_last_edited=\u00bbon|phone\u00bb global_colors_info=\u00bb{}\u00bb]<\/p>\n<p>Mi nombre es Luisa Holik. Nac\u00ed en Buenos Aires en 1965. Desde peque\u00f1a pensaba que todo lo que ocurr\u00eda en la vida ten\u00eda que tener un sentido. Por las circunstancias que he vivido, cuando crec\u00ed, comenc\u00e9 a buscar las causas del sufrimiento en el ser humano, siempre de forma autodidacta para entender y sanar. Un d\u00eda decid\u00ed formarme para poner ese conocimiento al servicio de los dem\u00e1s.<\/p>\n<p>Comenc\u00e9 mi formaci\u00f3n hace aproximadamente 26 a\u00f1os en: Counseling human\u00edstico, Terapia floral especialista en psicosom\u00e1ticas, Coaching Ontol\u00f3gico, Astrolog\u00eda k\u00e1rmica y evolutiva, Astrolog\u00eda focalizada a las enfermedades, radiestesia, geobiolog\u00eda, a\u00f1os despu\u00e9s continu\u00e9 con Bioneuroemoci\u00f3n formada en el Instituto de Enric Corbera, Psiconeurodontolog\u00eda y Maestr\u00eda en c\u00e1bala, entre otras.<\/p>\n<p>[\/et_pb_text][\/et_pb_column][et_pb_column type=\u00bb1_3&#8243; _builder_version=\u00bb4.25.2&#8243; _module_preset=\u00bbdefault\u00bb global_colors_info=\u00bb{}\u00bb][et_pb_text _builder_version=\u00bb4.25.2&#8243; _module_preset=\u00bbdefault\u00bb header_3_font=\u00bbAkaya Telivigala||||||||\u00bb header_3_font_size=\u00bb28px\u00bb header_4_line_height=\u00bb1.3em\u00bb custom_margin=\u00bb|-15px|12px|||\u00bb global_colors_info=\u00bb{}\u00bb]<\/p>\n<h3>\u00bfQu\u00e9 significa Lekabel?<\/h3>\n<p>[\/et_pb_text][et_pb_text _builder_version=\u00bb4.25.2&#8243; _module_preset=\u00bbdefault\u00bb header_3_font=\u00bbAkaya Telivigala||||||||\u00bb header_3_font_size=\u00bb28px\u00bb header_4_line_height=\u00bb1.3em\u00bb custom_margin=\u00bb|-15px||||\u00bb custom_margin_tablet=\u00bb|-15px||||\u00bb custom_margin_phone=\u00bb|12px|||false|false\u00bb custom_margin_last_edited=\u00bbon|phone\u00bb global_colors_info=\u00bb{}\u00bb]<\/p>\n<h4>Lekabel significa recibir. Del verbo Lekabel proviene la palabra c\u00e1bala que conceptualmente significa recibir la tradici\u00f3n.<\/h4>\n<h4>Me gusta el sonido de esta palabra y adem\u00e1s su significado. Recibir el conocimiento para poder darlo a los que desean recibir las ense\u00f1anzas de la c\u00e1bala.<\/h4>\n<p>[\/et_pb_text][\/et_pb_column][et_pb_column type=\u00bb1_3&#8243; _builder_version=\u00bb4.25.2&#8243; _module_preset=\u00bbdefault\u00bb global_colors_info=\u00bb{}\u00bb][et_pb_text _builder_version=\u00bb4.25.2&#8243; _module_preset=\u00bbdefault\u00bb header_3_font=\u00bbAkaya Telivigala||||||||\u00bb header_3_font_size=\u00bb28px\u00bb header_4_line_height=\u00bb1.3em\u00bb custom_margin=\u00bb||6px|||\u00bb global_colors_info=\u00bb{}\u00bb]<\/p>\n<h3>Presentaci\u00f3n Escuela de c\u00e1bala Lekabel<\/h3>\n<p>[\/et_pb_text][et_pb_code _builder_version=\u00bb4.25.2&#8243; _module_preset=\u00bbdefault\u00bb global_colors_info=\u00bb{}\u00bb]<iframe loading=\"lazy\" width=\"560\" height=\"315\" src=\"https:\/\/www.youtube.com\/embed\/K5SROvvH42o?si=S3T3Wi41pgb2ulfQ\" title=\"YouTube video player\" frameborder=\"0\" allow=\"accelerometer; autoplay; clipboard-write; encrypted-media; gyroscope; picture-in-picture; web-share\" referrerpolicy=\"strict-origin-when-cross-origin\" allowfullscreen><\/iframe>[\/et_pb_code][\/et_pb_column][\/et_pb_row][et_pb_row column_structure=\u00bb2_3,1_3&#8243; use_custom_gutter=\u00bbon\u00bb _builder_version=\u00bb4.25.2&#8243; _module_preset=\u00bbdefault\u00bb background_color=\u00bb#efefef\u00bb width=\u00bb100%\u00bb custom_padding=\u00bb37px|||||\u00bb box_shadow_style=\u00bbpreset3&#8243; global_colors_info=\u00bb{}\u00bb][et_pb_column type=\u00bb2_3&#8243; _builder_version=\u00bb4.25.2&#8243; _module_preset=\u00bbdefault\u00bb global_colors_info=\u00bb{}\u00bb][et_pb_text _builder_version=\u00bb4.25.2&#8243; _module_preset=\u00bbdefault\u00bb text_line_height=\u00bb1.4em\u00bb header_3_font=\u00bbAkaya Telivigala||||||||\u00bb header_3_font_size=\u00bb28px\u00bb header_4_line_height=\u00bb1.3em\u00bb custom_padding=\u00bb|||59px|false|false\u00bb custom_padding_tablet=\u00bb|||59px|false|false\u00bb custom_padding_phone=\u00bb|19px||21px|false|false\u00bb custom_padding_last_edited=\u00bbon|phone\u00bb global_colors_info=\u00bb{}\u00bb]<\/p>\n<h3>\u00bfQu\u00e9 es la C\u00e1bala?<\/h3>\n<p>La c\u00e1bala es la ense\u00f1anza de la sabidur\u00eda de los grandes cabalistas de la tradici\u00f3n jud\u00eda, y tambi\u00e9n de una c\u00e1bala aplicada al siglo XXI.<br \/>La c\u00e1bala es el estudio de toda la realidad y la experiencia interior de conectarse con esa realidad. El ser humano es parte de esa realidad y al estudiarse a s\u00ed mismo tambi\u00e9n est\u00e1 estudiando toda la realidad.<\/p>\n<p>La c\u00e1bala es un conocimiento espiritual acerca de Dios, de la Creaci\u00f3n y del alma del ser humano. Este conocimiento nos acompa\u00f1a en el camino del despertar interior de nuestra alma, de esa parte que es la que sabe a qu\u00e9 venimos a la Tierra y es la que nos pide rectificar para ampliar nuestro nivel de consciencia.<br \/>Tambi\u00e9n aprendemos la cosmogon\u00eda que nos responde sobre las leyes que rigen la vida y el universo y as\u00ed identificarlas en nuestra vida en el mundo f\u00edsico.<\/p>\n<p>A trav\u00e9s del estudio de la C\u00e1bala estudiamos y podemos respondernos:<br \/>\u00bfPor qu\u00e9 he nacido? \u2013 \u00bfQui\u00e9n soy?<br \/>\u00bfQu\u00e9 sentido tiene la vida? &#8211; \u00bfQu\u00e9 es el mal? &#8211; \u00bfQu\u00e9 es el vac\u00edo?<br \/>\u00bfQu\u00e9 es el Alma Humana? &#8211; \u00bfCu\u00e1les son las dimensiones del alma humana?<br \/>\u00bfQu\u00e9 es el \u00e1rbol de la vida?<br \/>\u00bfC\u00f3mo naci\u00f3 el universo? &#8211; \u00bfPor qu\u00e9 naci\u00f3 el universo?<\/p>\n<p>Como tantas otras preguntas que solemos hacernos en alg\u00fan momento de la vida.<\/p>\n<p>[\/et_pb_text][\/et_pb_column][et_pb_column type=\u00bb1_3&#8243; _builder_version=\u00bb4.25.2&#8243; _module_preset=\u00bbdefault\u00bb global_colors_info=\u00bb{}\u00bb][et_pb_text _builder_version=\u00bb4.25.2&#8243; _module_preset=\u00bbdefault\u00bb header_3_font=\u00bbAkaya Telivigala||||||||\u00bb header_3_text_align=\u00bbcenter\u00bb header_3_font_size=\u00bb28px\u00bb header_4_line_height=\u00bb1.3em\u00bb custom_margin=\u00bb||-1px||false|false\u00bb custom_padding=\u00bb|48px|||false|false\u00bb global_colors_info=\u00bb{}\u00bb]<\/p>\n<h3>Testimonios<\/h3>\n<p>[\/et_pb_text][et_pb_slider _builder_version=\u00bb4.25.2&#8243; _module_preset=\u00bbdefault\u00bb custom_margin=\u00bb1px|24px||-20px|false|false\u00bb custom_margin_tablet=\u00bb1px|24px||-20px|false|false\u00bb custom_margin_phone=\u00bb1px|0px||0px|false|false\u00bb custom_margin_last_edited=\u00bbon|phone\u00bb custom_padding=\u00bb23px|12px|42px|14px||\u00bb hover_enabled=\u00bb0&#8243; global_colors_info=\u00bb{}\u00bb sticky_enabled=\u00bb0&#8243;][et_pb_slide use_bg_overlay=\u00bboff\u00bb _builder_version=\u00bb4.25.2&#8243; _module_preset=\u00bbdefault\u00bb header_level=\u00bbh4&#8243; header_text_color=\u00bb#000000&#8243; header_font_size=\u00bb18px\u00bb body_text_color=\u00bb#000000&#8243; body_line_height=\u00bb1.5em\u00bb background_enable_color=\u00bboff\u00bb background_layout=\u00bblight\u00bb hover_enabled=\u00bb0&#8243; global_colors_info=\u00bb{}\u00bb sticky_transition=\u00bbon\u00bb sticky_enabled=\u00bb0&#8243;]<\/p>\n<p><strong>Devoluci\u00f3n del curso Sustento y Abundancia desde la Cabal\u00e1<\/strong><br \/>\u00abLuisa querida gracias por todo lo compartido en las clases, se me abri\u00f3 a mi misma una puerta en el entendimiento muy preciosa.\u00bb (<em>Adriana<\/em>)<\/p>\n<p>\u00abLuisa quer\u00eda compartir contigo la alegr\u00eda que trajo tu clase de ayer a mi coraz\u00f3n y con mi hija y nieta pudimos reflexionar sobre aquellas personas o pensamientos con los que me he esclavizado durante a\u00f1os, y no darme cuenta, que eran \u00eddolos. Pude descubrir la libertad de un Dios \u00fanico y verdadero. Yo te abrazo Luisa, eres parte de mi historia. Y con mis 87, reci\u00e9n cumplidos, parece que inicio un nuevo nacimiento. \u00bb (<em>Beatriz<\/em>)<\/p>\n<p>[\/et_pb_slide][et_pb_slide use_bg_overlay=\u00bboff\u00bb _builder_version=\u00bb4.25.2&#8243; _module_preset=\u00bbdefault\u00bb header_level=\u00bbh4&#8243; header_text_color=\u00bb#000000&#8243; header_font_size=\u00bb18px\u00bb body_text_color=\u00bb#000000&#8243; body_line_height=\u00bb1.5em\u00bb background_enable_color=\u00bboff\u00bb background_layout=\u00bblight\u00bb global_colors_info=\u00bb{}\u00bb sticky_transition=\u00bbon\u00bb]<\/p>\n<p>\u00abEs crucial que en los tiempos que el mundo esta atravesando haya m\u00e1s<br \/>profesores de Kabal\u00e1h como la Profesora Luisa Holik. He tenido el placer de asistir a varias de sus clases; entre ellas autoestima desde la astrolog\u00eda y la cabal\u00e1, transgeneracional y cabal\u00e1, sustento y abundancia y los mensajes del cuerpo por nombrar algunas. Desde ya much\u00edsimas gracias por su dedicaci\u00f3n y claridad al explicar, si no tambi\u00e9n su pasi\u00f3n y motivaci\u00f3n. Bendiciones\u00bb (<em>Marcela M.<\/em>)<\/p>\n<p>\u00abTe quiero decir que despu\u00e9s de tus cursos una no es la misma persona que<br \/>cuando lo empez\u00f3. Gracias por compartir todo esto. Un abrazo.\u00bb (<em>Isabel<\/em>)<\/p>\n<p>[\/et_pb_slide][et_pb_slide use_bg_overlay=\u00bboff\u00bb _builder_version=\u00bb4.25.2&#8243; _module_preset=\u00bbdefault\u00bb body_text_color=\u00bb#000000&#8243; body_line_height=\u00bb1.5em\u00bb background_enable_color=\u00bboff\u00bb background_layout=\u00bblight\u00bb global_colors_info=\u00bb{}\u00bb sticky_transition=\u00bbon\u00bb]<\/p>\n<p>\u00bb Admiro tu capacidad de responder las preguntas que te hacen los alumnos. Muchas gracias por tu trabajo realizado y compartido. Muy interesante todo y muy intenso. Volver\u00e9 a ver las clases porque me interesa mucho este tema ya que estoy terminando mi formaci\u00f3n en reflexolog\u00eda y me parece muy importante poder aplicar estos conocimientos en esta pr\u00e1ctica. Felicitaciones nuevamente. \u00bb (<em>Patricia<\/em>)<\/p>\n<p>\u00bb Ha sido un curso maravilloso con mucha informaci\u00f3n, me ha servido much\u00edsimo. Quisiera continuar profundizando algunos temas vistos en consulta individual. \u00bb (<em>Celeste<\/em>)<\/p>\n<p>[\/et_pb_slide][et_pb_slide use_bg_overlay=\u00bboff\u00bb _builder_version=\u00bb4.25.2&#8243; _module_preset=\u00bbdefault\u00bb body_text_color=\u00bb#000000&#8243; body_line_height=\u00bb1.5em\u00bb background_enable_color=\u00bboff\u00bb background_layout=\u00bblight\u00bb global_colors_info=\u00bb{}\u00bb sticky_transition=\u00bbon\u00bb]<\/p>\n<p>\u00bb Luisa te quer\u00eda decir que me ha encantado tanto, lo encuentro tan interesante y que se puede utilizar tanto desde el punto de vista de la salud que creo que todo el mundo estuvo encantado con el curso, por lo que yo vi que estaban todos muy interesados. Lo encuentro maravilloso y c\u00f3mo lo explicaste todo super bien, tema por tema, zona por zona. Voy a volver a ver las clases. Lo hiciste muy bien y ayudar\u00e1 a much\u00edsima gente. Fue un curso maravilloso, muy emocionante y muy desde del coraz\u00f3n. Compartiste una cantidad muy importante de conocimientos. As\u00ed que much\u00edsimas gracias, ha sido muy bonito el curso que diste. \u00bb (<em>P. Mar\u00eda<\/em>)<\/p>\n<p>[\/et_pb_slide][et_pb_slide use_bg_overlay=\u00bboff\u00bb _builder_version=\u00bb4.25.2&#8243; _module_preset=\u00bbdefault\u00bb body_text_color=\u00bb#000000&#8243; body_line_height=\u00bb1.5em\u00bb background_enable_color=\u00bboff\u00bb background_layout=\u00bblight\u00bb global_colors_info=\u00bb{}\u00bb sticky_transition=\u00bbon\u00bb]<\/p>\n<p>\u00bb Me ha gustado mucho el material del curso y permite seguir f\u00e1cilmente el tema. Es un muy buen curso, la informaci\u00f3n es muy valiosa y de mucha ayuda. Gracias, es un magn\u00edfico curso, eres una gran maestra, sabes transmitir con emoci\u00f3n y eso es muy importante. \u00bb (<em>Soes<\/em>)<\/p>\n<p>\u00bb Me ha gustado mucho tu curso y quiero seguir trabajando esos temas en consulta individual contigo. \u00bb (Magdalena)<\/p>\n<p>\u00bb Luisa te quiero comentar que ha sido muy \u00fatil el curso y quisiera profundizar haciendo un trabajo personal en consulta contigo. \u00bb (Virginia)<\/p>\n<p>[\/et_pb_slide][\/et_pb_slider][\/et_pb_column][\/et_pb_row][\/et_pb_section][et_pb_section fb_built=\u00bb1&#8243; _builder_version=\u00bb4.25.2&#8243; _module_preset=\u00bbdefault\u00bb custom_padding=\u00bb15px|||||\u00bb global_colors_info=\u00bb{}\u00bb][et_pb_row column_structure=\u00bb1_2,1_2&#8243; _builder_version=\u00bb4.25.2&#8243; _module_preset=\u00bbdefault\u00bb custom_margin=\u00bb-8px|auto||auto||\u00bb custom_padding=\u00bb13px|||||\u00bb global_colors_info=\u00bb{}\u00bb][et_pb_column type=\u00bb1_2&#8243; _builder_version=\u00bb4.25.2&#8243; _module_preset=\u00bbdefault\u00bb global_colors_info=\u00bb{}\u00bb][et_pb_toggle title=\u00bbBeneficios de Estudiar Cabala\u00bb open_toggle_text_color=\u00bb#000000&#8243; icon_color=\u00bb#92d050&#8243; open_icon_color=\u00bb#7030a0&#8243; _builder_version=\u00bb4.25.2&#8243; _module_preset=\u00bbdefault\u00bb title_text_color=\u00bb#000000&#8243; title_font=\u00bbAkaya Telivigala||||||||\u00bb title_font_size=\u00bb22px\u00bb custom_margin=\u00bb||||false|false\u00bb custom_padding=\u00bb||||false|false\u00bb global_colors_info=\u00bb{}\u00bb]<\/p>\n<p>Estudiar c\u00e1bala nos brinda muchos beneficios para nuestra vida diaria, presente y futura.<br \/>La c\u00e1bala nos acerca conocimientos milenarios que son una base para comprender las leyes que rigen al alma y al universo. Conoci\u00e9ndolas podemos comprender para qu\u00e9 estamos en el planeta, para qu\u00e9 el alma decide encarnar en la materia, para qu\u00e9 suceden los acontecimientos en nuestra vida, la funci\u00f3n del mal en la vida, entre otros.<br \/>Estudiar c\u00e1bala nos permite:<br \/>Hacer un cambio de percepci\u00f3n tal, que vivimos la vida con m\u00e1s seguridad, paz interior, con menos reacciones, menos enojo, con m\u00e1s alegr\u00eda y con recursos para aplicarlos en el d\u00eda a d\u00eda.<br \/>Estudiar c\u00e1bala nos ayuda a que el alma encuentre su camino y sea feliz.<br \/>Estudiar c\u00e1bala nos permite encontrar el sentido de la existencia y descubrir un mapa que nos lleva al mapa interior que nos gu\u00eda en cada paso de nuestra vida.<\/p>\n<p>[\/et_pb_toggle][et_pb_toggle title=\u00bbQui\u00e9n puede estudiar C\u00e1bala\u00bb open_toggle_text_color=\u00bb#000000&#8243; icon_color=\u00bb#92d050&#8243; open_icon_color=\u00bb#7030a0&#8243; _builder_version=\u00bb4.25.2&#8243; _module_preset=\u00bbdefault\u00bb title_text_color=\u00bb#000000&#8243; title_font=\u00bbAkaya Telivigala||||||||\u00bb title_font_size=\u00bb22px\u00bb global_colors_info=\u00bb{}\u00bb]<\/p>\n<p>Puede estudiar c\u00e1bala toda persona, que busca el conocimiento espiritual para:<br \/>El entendimiento de las leyes que rigen al alma y el cosmos, cambio de percepci\u00f3n, camino de autoconocimiento y profundizaci\u00f3n de los distintos universos de la vida, desde la espiritualidad.<br \/>Puede estudiar c\u00e1bala toda persona de cualquier religi\u00f3n porque el prop\u00f3sito es la integraci\u00f3n, ya que al integrar nos transformamos en seres m\u00e1s \u00edntegros y m\u00e1s sanos.<\/p>\n<p>[\/et_pb_toggle][et_pb_toggle title=\u00bbMi visi\u00f3n y valores\u00bb open_toggle_text_color=\u00bb#000000&#8243; icon_color=\u00bb#92d050&#8243; open_icon_color=\u00bb#7030a0&#8243; _builder_version=\u00bb4.25.2&#8243; _module_preset=\u00bbdefault\u00bb title_text_color=\u00bb#000000&#8243; title_font=\u00bbAkaya Telivigala||||||||\u00bb title_font_size=\u00bb22px\u00bb global_colors_info=\u00bb{}\u00bb]<\/p>\n<p><strong>Visi\u00f3n:<\/strong><br \/>Esta escuela de c\u00e1bala es un espacio en el que los conocimientos brindados, a todas las personas que se acerquen aqu\u00ed, sirvan para aprender a revelar luz en el mundo de la materia, para su propio crecimiento y bienestar, como as\u00ed tambi\u00e9n para su entorno personal y profesional.<\/p>\n<p><strong>Valores:<\/strong><br \/>Ense\u00f1ar con compromiso, \u00e9tica, profesionalismo, honestidad y amor.<\/p>\n<p>[\/et_pb_toggle][et_pb_toggle title=\u00bbPlan de estudios\u00bb open_toggle_text_color=\u00bb#000000&#8243; icon_color=\u00bb#7030a0&#8243; open_icon_color=\u00bb#7030a0&#8243; _builder_version=\u00bb4.25.2&#8243; _module_preset=\u00bbdefault\u00bb title_text_color=\u00bb#000000&#8243; title_font=\u00bbAkaya Telivigala||||||||\u00bb title_font_size=\u00bb22px\u00bb custom_margin=\u00bb||||false|false\u00bb custom_padding=\u00bb||||false|false\u00bb global_colors_info=\u00bb{}\u00bb]<\/p>\n<p>Los cursos est\u00e1n dise\u00f1ados para transmitir los fundamentos de la c\u00e1bala en distintos niveles.<br \/>Cada uno puede elegir el nivel de conocimiento que quiere ir aprendiendo e integrando.<br \/>Cada curso ser\u00e1 preparado por niveles con la finalidad de ir profundizando en la tem\u00e1tica y que el alumno cuente con un serio y completo conocimiento de cada tema que se abordar\u00e1 desde la c\u00e1bala.<br \/>El alumno podr\u00e1 elegir despu\u00e9s de hacer el curso correspondiente del nivel 1, si contin\u00faa con el siguiente.<br \/>Aquellos que decidan hacer todos los niveles, una vez completado el programa se les ofrecer\u00e1 una autoevaluaci\u00f3n y entrega de Certificado para que pueda utilizarlo en su vida profesional.<\/p>\n<p>[\/et_pb_toggle][et_pb_toggle title=\u00bbPlan de estudios con Certificaci\u00f3n\u00bb open_toggle_text_color=\u00bb#000000&#8243; icon_color=\u00bb#7030a0&#8243; open_icon_color=\u00bb#7030a0&#8243; _builder_version=\u00bb4.25.2&#8243; _module_preset=\u00bbdefault\u00bb title_text_color=\u00bb#000000&#8243; title_font=\u00bbAkaya Telivigala||||||||\u00bb title_font_size=\u00bb22px\u00bb custom_margin=\u00bb||||false|false\u00bb custom_padding=\u00bb||||false|false\u00bb global_colors_info=\u00bb{}\u00bb]<\/p>\n<p><strong>Lista de cursos para cumplir con el programa completo:<\/strong><\/p>\n<ul>\n<li>\u00c1rbol de la vida \u2013 cuatro niveles<\/li>\n<li>El mal \u2013 dos niveles<\/li>\n<li>Cosmogon\u00eda \u2013 nivel inicial e intermedio \u2013 cuatro niveles<\/li>\n<li>Canales del \u00e1rbol de la vida \u2013 tres niveles<\/li>\n<li>Daat: El conocimiento \u2013 dos niveles<\/li>\n<li>Niveles del alma y los universos \u2013 dos niveles<\/li>\n<li>Los Nombres de Dios y el \u00e1rbol de la vida \u2013 un nivel<\/li>\n<\/ul>\n<p><strong>Cada nivel consta de cuatro clases. Una clase semanal por un mes.<\/strong><\/p>\n<p>[\/et_pb_toggle][et_pb_button button_url=\u00bbhttps:\/\/luisaholik.com\/lekabel\/cursos\/\u00bb button_text=\u00bbAcceder a los Cursos\u00bb _builder_version=\u00bb4.25.2&#8243; _module_preset=\u00bbdefault\u00bb custom_margin=\u00bb48px|||||\u00bb custom_margin_tablet=\u00bb67px|||||\u00bb custom_margin_phone=\u00bb33px||||false|false\u00bb custom_margin_last_edited=\u00bbon|phone\u00bb global_colors_info=\u00bb{}\u00bb][\/et_pb_button][et_pb_text _builder_version=\u00bb4.25.2&#8243; _module_preset=\u00bbdefault\u00bb header_3_font=\u00bbAkaya Telivigala||||||||\u00bb header_3_font_size=\u00bb28px\u00bb header_4_line_height=\u00bb1.3em\u00bb custom_margin=\u00bb|-15px|2px|||\u00bb global_colors_info=\u00bb{}\u00bb]<\/p>\n<h3>Grupo de difusi\u00f3n de WhatsApp<\/h3>\n<p>[\/et_pb_text][et_pb_text _builder_version=\u00bb4.25.2&#8243; _module_preset=\u00bbdefault\u00bb header_3_font=\u00bbAkaya Telivigala||||||||\u00bb header_3_font_size=\u00bb28px\u00bb header_4_line_height=\u00bb1.3em\u00bb header_5_line_height=\u00bb1.2em\u00bb custom_margin=\u00bb|-15px|9px|||\u00bb custom_margin_tablet=\u00bb|-15px||||\u00bb custom_margin_phone=\u00bb|12px|||false|false\u00bb custom_margin_last_edited=\u00bbon|phone\u00bb global_colors_info=\u00bb{}\u00bb]<\/p>\n<h5>Canal de comunicaci\u00f3n para dar a conocer las actividades de la Escuela Lekabel y compartir distintos conocimientos y recursos para aplicar a la vida cotidiana.<br \/>S\u00f3lo el administrador publicar\u00e1.<\/h5>\n<p>[\/et_pb_text][et_pb_button button_url=\u00bbhttps:\/\/chat.whatsapp.com\/EmkLTTn2HPzJj49zOCclg2&#8243; url_new_window=\u00bbon\u00bb button_text=\u00bbUnirme\u00bb _builder_version=\u00bb4.25.2&#8243; _module_preset=\u00bbdefault\u00bb custom_margin=\u00bb2px|||||\u00bb custom_margin_tablet=\u00bb67px|||||\u00bb custom_margin_phone=\u00bb33px||||false|false\u00bb custom_margin_last_edited=\u00bbon|phone\u00bb global_colors_info=\u00bb{}\u00bb][\/et_pb_button][\/et_pb_column][et_pb_column type=\u00bb1_2&#8243; _builder_version=\u00bb4.25.2&#8243; _module_preset=\u00bbdefault\u00bb global_colors_info=\u00bb{}\u00bb][et_pb_image src=\u00bbhttps:\/\/luisaholik.com\/lekabel\/wp-content\/uploads\/2025\/04\/LUISAHOLIK-2do-Congreso-Internacional-Kab-Alas.jpg\u00bb title_text=\u00bbLUISAHOLIK-2do-Congreso-Internacional-Kab-Alas\u00bb _builder_version=\u00bb4.25.2&#8243; _module_preset=\u00bbdefault\u00bb global_colors_info=\u00bb{}\u00bb][\/et_pb_image][et_pb_code _builder_version=\u00bb4.25.2&#8243; _module_preset=\u00bbdefault\u00bb global_colors_info=\u00bb{}\u00bb]<iframe loading=\"lazy\" width=\"560\" height=\"315\" src=\"https:\/\/www.youtube.com\/embed\/KCxD7t6bl_4?si=VrcCs_g9Nf6Vpxus\" title=\"YouTube video player\" frameborder=\"0\" allow=\"accelerometer; autoplay; clipboard-write; encrypted-media; gyroscope; picture-in-picture; web-share\" referrerpolicy=\"strict-origin-when-cross-origin\" allowfullscreen><\/iframe>[\/et_pb_code][\/et_pb_column][\/et_pb_row][\/et_pb_section]<\/p>\n","protected":false},"excerpt":{"rendered":"<p>Escuela de C\u00e1bala Lekabel de Luisa HolikLa Escuela de C\u00e1bala Lekabel cuenta con cursos en vivo y cursos en diferido [&hellip;]<\/p>\n","protected":false},"author":1,"featured_media":0,"parent":0,"menu_order":0,"comment_status":"closed","ping_status":"closed","template":"","meta":{"_bbp_topic_count":0,"_bbp_reply_count":0,"_bbp_total_topic_count":0,"_bbp_total_reply_count":0,"_bbp_voice_count":0,"_bbp_anonymous_reply_count":0,"_bbp_topic_count_hidden":0,"_bbp_reply_count_hidden":0,"_bbp_forum_subforum_count":0,"_et_pb_use_builder":"on","_et_pb_old_content":"","_et_gb_content_width":"","footnotes":""},"class_list":["post-11","page","type-page","status-publish","hentry"],"_links":{"self":[{"href":"https:\/\/luisaholik.com\/lekabel\/wp-json\/wp\/v2\/pages\/11","targetHints":{"allow":["GET"]}}],"collection":[{"href":"https:\/\/luisaholik.com\/lekabel\/wp-json\/wp\/v2\/pages"}],"about":[{"href":"https:\/\/luisaholik.com\/lekabel\/wp-json\/wp\/v2\/types\/page"}],"author":[{"embeddable":true,"href":"https:\/\/luisaholik.com\/lekabel\/wp-json\/wp\/v2\/users\/1"}],"replies":[{"embeddable":true,"href":"https:\/\/luisaholik.com\/lekabel\/wp-json\/wp\/v2\/comments?post=11"}],"version-history":[{"count":48,"href":"https:\/\/luisaholik.com\/lekabel\/wp-json\/wp\/v2\/pages\/11\/revisions"}],"predecessor-version":[{"id":1910,"href":"https:\/\/luisaholik.com\/lekabel\/wp-json\/wp\/v2\/pages\/11\/revisions\/1910"}],"wp:attachment":[{"href":"https:\/\/luisaholik.com\/lekabel\/wp-json\/wp\/v2\/media?parent=11"}],"curies":[{"name":"wp","href":"https:\/\/api.w.org\/{rel}","templated":true}]}}